{"id":3560,"date":"2026-04-21T11:08:28","date_gmt":"2026-04-21T09:08:28","guid":{"rendered":"https:\/\/www.stelgroup.it\/?post_type=product&#038;p=3560"},"modified":"2026-04-21T11:28:26","modified_gmt":"2026-04-21T09:28:26","slug":"max-161","status":"publish","type":"product","link":"https:\/\/www.stelgroup.it\/en\/product\/max-161\/","title":{"rendered":"MAX 161"},"content":{"rendered":"<p>Max 161 \u00e8 la saldatrice ad elettrodo con tecnologia inverter monofase che coniuga praticit\u00e0 e funzionalit\u00e0. Il suo design essenziale non nasconde le notevoli prestazioni di cui \u00e8 capace. Grazie ad un cuore elettronico altamente tecnologico ed una interfaccia intuitiva, Max 161 consente di settare in modo semplice i parametri di saldatura sulla base dell\u2019elettrodo scelto. In aggiunta, un comodo interruttore consente di saldare facilmente anche in modalit\u00e0 TIG scratch.<\/p>\n","protected":false},"excerpt":{"rendered":"<p>Max 161 \u00e8 la saldatrice ad elettrodo con tecnologia inverter monofase che coniuga praticit\u00e0 e funzionalit\u00e0. Il suo design essenziale non nasconde le notevoli prestazioni di cui \u00e8 capace. Grazie ad un cuore elettronico altamente tecnologico ed una interfaccia intuitiva, Max 161 consente di settare in modo semplice i parametri di saldatura sulla base dell\u2019elettrodo scelto. In aggiunta, un comodo interruttore consente di saldare facilmente anche in modalit\u00e0 TIG scratch.<\/p>\n","protected":false},"featured_media":3555,"comment_status":"closed","ping_status":"closed","template":"","meta":[],"product_cat":[34],"product_tag":[],"yoast_head":"<!-- This site is optimized with the Yoast SEO plugin v17.3 - https:\/\/yoast.com\/wordpress\/plugins\/seo\/ -->\n<title>MAX 161 - Stel<\/title>\n<meta name=\"robots\" content=\"index, follow, max-snippet:-1, max-image-preview:large, max-video-preview:-1\" \/>\n<link rel=\"canonical\" href=\"https:\/\/www.stelgroup.it\/en\/product\/max-161\/\" \/>\n<meta property=\"og:locale\" content=\"en_US\" \/>\n<meta property=\"og:type\" content=\"article\" \/>\n<meta property=\"og:title\" content=\"MAX 161 - Stel\" \/>\n<meta property=\"og:description\" content=\"Max 161 \u00e8 la saldatrice ad elettrodo con tecnologia inverter monofase che coniuga praticit\u00e0 e funzionalit\u00e0. Il suo design essenziale non nasconde le notevoli prestazioni di cui \u00e8 capace. Grazie ad un cuore elettronico altamente tecnologico ed una interfaccia intuitiva, Max 161 consente di settare in modo semplice i parametri di saldatura sulla base dell\u2019elettrodo scelto. In aggiunta, un comodo interruttore consente di saldare facilmente anche in modalit\u00e0 TIG scratch.\" \/>\n<meta property=\"og:url\" content=\"https:\/\/www.stelgroup.it\/en\/product\/max-161\/\" \/>\n<meta property=\"og:site_name\" content=\"Stel\" \/>\n<meta property=\"article:modified_time\" content=\"2026-04-21T09:28:26+00:00\" \/>\n<meta property=\"og:image\" content=\"https:\/\/www.stelgroup.it\/wp-content\/uploads\/2026\/04\/Max-161-scaled.jpg\" \/>\n\t<meta property=\"og:image:width\" content=\"2560\" \/>\n\t<meta property=\"og:image:height\" content=\"2560\" \/>\n<meta name=\"twitter:card\" content=\"summary_large_image\" \/>\n<script type=\"application\/ld+json\" class=\"yoast-schema-graph\">{\"@context\":\"https:\/\/schema.org\",\"@graph\":[{\"@type\":\"WebSite\",\"@id\":\"https:\/\/www.stelgroup.it\/#website\",\"url\":\"https:\/\/www.stelgroup.it\/\",\"name\":\"Stel\",\"description\":\"\",\"potentialAction\":[{\"@type\":\"SearchAction\",\"target\":{\"@type\":\"EntryPoint\",\"urlTemplate\":\"https:\/\/www.stelgroup.it\/?s={search_term_string}\"},\"query-input\":\"required name=search_term_string\"}],\"inLanguage\":\"en-US\"},{\"@type\":\"ImageObject\",\"@id\":\"https:\/\/www.stelgroup.it\/en\/product\/max-161\/#primaryimage\",\"inLanguage\":\"en-US\",\"url\":\"https:\/\/www.stelgroup.it\/wp-content\/uploads\/2026\/04\/Max-161-scaled.jpg\",\"contentUrl\":\"https:\/\/www.stelgroup.it\/wp-content\/uploads\/2026\/04\/Max-161-scaled.jpg\",\"width\":2560,\"height\":2560},{\"@type\":\"WebPage\",\"@id\":\"https:\/\/www.stelgroup.it\/en\/product\/max-161\/#webpage\",\"url\":\"https:\/\/www.stelgroup.it\/en\/product\/max-161\/\",\"name\":\"MAX 161 - Stel\",\"isPartOf\":{\"@id\":\"https:\/\/www.stelgroup.it\/#website\"},\"primaryImageOfPage\":{\"@id\":\"https:\/\/www.stelgroup.it\/en\/product\/max-161\/#primaryimage\"},\"datePublished\":\"2026-04-21T09:08:28+00:00\",\"dateModified\":\"2026-04-21T09:28:26+00:00\",\"breadcrumb\":{\"@id\":\"https:\/\/www.stelgroup.it\/en\/product\/max-161\/#breadcrumb\"},\"inLanguage\":\"en-US\",\"potentialAction\":[{\"@type\":\"ReadAction\",\"target\":[\"https:\/\/www.stelgroup.it\/en\/product\/max-161\/\"]}]},{\"@type\":\"BreadcrumbList\",\"@id\":\"https:\/\/www.stelgroup.it\/en\/product\/max-161\/#breadcrumb\",\"itemListElement\":[{\"@type\":\"ListItem\",\"position\":1,\"name\":\"Home\",\"item\":\"https:\/\/www.stelgroup.it\/en\/\"},{\"@type\":\"ListItem\",\"position\":2,\"name\":\"Shop\",\"item\":\"https:\/\/www.stelgroup.it\/?page_id=11\"},{\"@type\":\"ListItem\",\"position\":3,\"name\":\"MAX 161\"}]}]}<\/script>\n<!-- \/ Yoast SEO plugin. -->","yoast_head_json":{"title":"MAX 161 - Stel","robots":{"index":"index","follow":"follow","max-snippet":"max-snippet:-1","max-image-preview":"max-image-preview:large","max-video-preview":"max-video-preview:-1"},"canonical":"https:\/\/www.stelgroup.it\/en\/product\/max-161\/","og_locale":"en_US","og_type":"article","og_title":"MAX 161 - Stel","og_description":"Max 161 \u00e8 la saldatrice ad elettrodo con tecnologia inverter monofase che coniuga praticit\u00e0 e funzionalit\u00e0. Il suo design essenziale non nasconde le notevoli prestazioni di cui \u00e8 capace. Grazie ad un cuore elettronico altamente tecnologico ed una interfaccia intuitiva, Max 161 consente di settare in modo semplice i parametri di saldatura sulla base dell\u2019elettrodo scelto. In aggiunta, un comodo interruttore consente di saldare facilmente anche in modalit\u00e0 TIG scratch.","og_url":"https:\/\/www.stelgroup.it\/en\/product\/max-161\/","og_site_name":"Stel","article_modified_time":"2026-04-21T09:28:26+00:00","og_image":[{"width":2560,"height":2560,"url":"https:\/\/www.stelgroup.it\/wp-content\/uploads\/2026\/04\/Max-161-scaled.jpg","type":"image\/jpeg"}],"twitter_card":"summary_large_image","schema":{"@context":"https:\/\/schema.org","@graph":[{"@type":"WebSite","@id":"https:\/\/www.stelgroup.it\/#website","url":"https:\/\/www.stelgroup.it\/","name":"Stel","description":"","potentialAction":[{"@type":"SearchAction","target":{"@type":"EntryPoint","urlTemplate":"https:\/\/www.stelgroup.it\/?s={search_term_string}"},"query-input":"required name=search_term_string"}],"inLanguage":"en-US"},{"@type":"ImageObject","@id":"https:\/\/www.stelgroup.it\/en\/product\/max-161\/#primaryimage","inLanguage":"en-US","url":"https:\/\/www.stelgroup.it\/wp-content\/uploads\/2026\/04\/Max-161-scaled.jpg","contentUrl":"https:\/\/www.stelgroup.it\/wp-content\/uploads\/2026\/04\/Max-161-scaled.jpg","width":2560,"height":2560},{"@type":"WebPage","@id":"https:\/\/www.stelgroup.it\/en\/product\/max-161\/#webpage","url":"https:\/\/www.stelgroup.it\/en\/product\/max-161\/","name":"MAX 161 - Stel","isPartOf":{"@id":"https:\/\/www.stelgroup.it\/#website"},"primaryImageOfPage":{"@id":"https:\/\/www.stelgroup.it\/en\/product\/max-161\/#primaryimage"},"datePublished":"2026-04-21T09:08:28+00:00","dateModified":"2026-04-21T09:28:26+00:00","breadcrumb":{"@id":"https:\/\/www.stelgroup.it\/en\/product\/max-161\/#breadcrumb"},"inLanguage":"en-US","potentialAction":[{"@type":"ReadAction","target":["https:\/\/www.stelgroup.it\/en\/product\/max-161\/"]}]},{"@type":"BreadcrumbList","@id":"https:\/\/www.stelgroup.it\/en\/product\/max-161\/#breadcrumb","itemListElement":[{"@type":"ListItem","position":1,"name":"Home","item":"https:\/\/www.stelgroup.it\/en\/"},{"@type":"ListItem","position":2,"name":"Shop","item":"https:\/\/www.stelgroup.it\/?page_id=11"},{"@type":"ListItem","position":3,"name":"MAX 161"}]}]}},"_links":{"self":[{"href":"https:\/\/www.stelgroup.it\/en\/wp-json\/wp\/v2\/product\/3560"}],"collection":[{"href":"https:\/\/www.stelgroup.it\/en\/wp-json\/wp\/v2\/product"}],"about":[{"href":"https:\/\/www.stelgroup.it\/en\/wp-json\/wp\/v2\/types\/product"}],"replies":[{"embeddable":true,"href":"https:\/\/www.stelgroup.it\/en\/wp-json\/wp\/v2\/comments?post=3560"}],"wp:featuredmedia":[{"embeddable":true,"href":"https:\/\/www.stelgroup.it\/en\/wp-json\/wp\/v2\/media\/3555"}],"wp:attachment":[{"href":"https:\/\/www.stelgroup.it\/en\/wp-json\/wp\/v2\/media?parent=3560"}],"wp:term":[{"taxonomy":"product_cat","embeddable":true,"href":"https:\/\/www.stelgroup.it\/en\/wp-json\/wp\/v2\/product_cat?post=3560"},{"taxonomy":"product_tag","embeddable":true,"href":"https:\/\/www.stelgroup.it\/en\/wp-json\/wp\/v2\/product_tag?post=3560"}],"curies":[{"name":"wp","href":"https:\/\/api.w.org\/{rel}","templated":true}]}}